{"id":283,"date":"2016-05-24T11:58:17","date_gmt":"2016-05-24T09:58:17","guid":{"rendered":"http:\/\/fihoa.net\/fr\/?page_id=283"},"modified":"2016-05-24T12:44:22","modified_gmt":"2016-05-24T10:44:22","slug":"mentions","status":"publish","type":"page","link":"https:\/\/fihoa.net\/fr\/mentions\/","title":{"rendered":"Mentions"},"content":{"rendered":"[vc_row][vc_column][vc_column_text]<strong>MENTIONS LEGALES<br \/>\n<\/strong><\/p>\n<p>&nbsp;<\/p>\n<p><strong>Le site fihoa.net est \u00e9dit\u00e9 par<\/strong><br \/>\nDr Ren\u00e9e-Liliane DREISER<br \/>\nDr Emmanuel MAHEU<br \/>\nContact : <a href=\"http:\/\/fihoa.net\/fr\/contact\/\" target=\"_blank\">envoyer un email<\/a><\/p>\n<p>&nbsp;<\/p>\n<p><strong>Ce site est h\u00e9berg\u00e9 par<\/strong><br \/>\nOVH SAS<br \/>\n2 rue Kellermann &#8211; 59100 Roubaix &#8211; France.<\/p>\n<p>&nbsp;<\/p>\n<p><strong>Ce site est con\u00e7u par<\/strong><br \/>\nApiRubi Sant\u00e9, <a href=\"http:\/\/www.apirubisante.com\" target=\"_blank\">www.apirubisante.com<\/a><\/p>\n<p>&nbsp;<\/p>\n<p><strong>Donn\u00e9es personnelles<\/strong><br \/>\nD&rsquo;une fa\u00e7on g\u00e9n\u00e9rale, vous pouvez visiter notre site sur Internet sans avoir \u00e0 d\u00e9cliner votre identit\u00e9 et \u00e0 fournir des informations personnelles vous concernant. Cependant, nous pouvons vous demander des informations dans un objectif technique par exemple, pour traiter un calcul de l\u2019indice, ou \u00e9tablir une correspondance.<\/p>\n<p>&nbsp;<\/p>\n<p><strong>Propri\u00e9t\u00e9 intellectuelle et droit de reproduction<\/strong><br \/>\nL&rsquo;ensemble de ce site rel\u00e8ve de la l\u00e9gislation fran\u00e7aise et internationale sur le droit d&rsquo;auteur et la propri\u00e9t\u00e9 intellectuelle. Tous les droits de reproduction sont r\u00e9serv\u00e9s, y compris pour les documents t\u00e9l\u00e9chargeables et les repr\u00e9sentations iconographiques et photographiques.<\/p>\n<p>Toutefois, par d\u00e9rogation, l\u2019utilisation du FIHOA, son exploitation et\/ou sa reproduction partielle ou totale pour une utilisation professionnelle, acad\u00e9mique, p\u00e9dagogique de l\u2019ensemble des fonctionnalit\u00e9s, textes et documents t\u00e9l\u00e9chargeables pr\u00e9sents sur ce site est libre et accept\u00e9e mais toute modification non autoris\u00e9e est interdite.<br \/>\n&nbsp;<br \/>\n<strong><strong>L\u2019utilisation du FIHOA libre signifie que vous \u00eates autoris\u00e9 \u00e0 partager, copier, distribuer, communiquer sur le FIHOA par tous les moyens et sous tous les formats;<\/strong><br \/>\nsous r\u00e9serve du respect des conditions suivantes:<\/strong><br \/>\n&#8211; gratuit\u00e9 de la diffusion. Vous n&rsquo;\u00eates pas autoris\u00e9 \u00e0 faire un usage commercial du FIHOA.<br \/>\n&#8211; respect de l&rsquo;int\u00e9grit\u00e9 des documents reproduits : pas de modification ni alt\u00e9ration d&rsquo;aucune sorte, respect du droit d&rsquo;auteur,<br \/>\n&#8211; citation claire et lisible de la source mentionnant imp\u00e9rativement l&rsquo;adresse internet du site fihoa.net.<\/p>\n<p>&nbsp;<\/p>\n<p>Des liens vers d&rsquo;autres sites peuvent vous faire sortir du site fihoa.net; nous n&rsquo;acceptons aucune responsabilit\u00e9 sur les sites point\u00e9s. Ces liens sont \u00e9tablis de bonne foi et nous ne saurions \u00eatre tenus pour responsables de changements sur ces sites.<\/p>\n<p>&nbsp;[\/vc_column_text][\/vc_column][\/vc_row]\n","protected":false},"excerpt":{"rendered":"<p>[vc_row][vc_column][vc_column_text]MENTIONS LEGALES &nbsp; Le site fihoa.net est \u00e9dit\u00e9 par Dr Ren\u00e9e-Liliane DREISER Dr Emmanuel MAHEU Contact : envoyer un email &nbsp; Ce site est h\u00e9berg\u00e9 par OVH SAS 2 rue Kellermann &#8211; 59100 Roubaix &#8211; France. &nbsp; Ce site est&hellip;<\/p>\n","protected":false},"author":1,"featured_media":0,"parent":0,"menu_order":0,"comment_status":"closed","ping_status":"closed","template":"","meta":{"footnotes":""},"class_list":["post-283","page","type-page","status-publish","hentry","entry","no-media"],"yoast_head":"<!-- This site is optimized with the Yoast SEO plugin v27.0 - https:\/\/yoast.com\/product\/yoast-seo-wordpress\/ -->\n<title>Mentions - FIHOA<\/title>\n<meta name=\"robots\" content=\"index, follow, max-snippet:-1, max-image-preview:large, max-video-preview:-1\" \/>\n<link rel=\"canonical\" href=\"https:\/\/fihoa.net\/fr\/mentions\/\" \/>\n<meta property=\"og:locale\" content=\"fr_FR\" \/>\n<meta property=\"og:type\" content=\"article\" \/>\n<meta property=\"og:title\" content=\"Mentions - FIHOA\" \/>\n<meta property=\"og:description\" content=\"[vc_row][vc_column][vc_column_text]MENTIONS LEGALES &nbsp; Le site fihoa.net est \u00e9dit\u00e9 par Dr Ren\u00e9e-Liliane DREISER Dr Emmanuel MAHEU Contact : envoyer un email &nbsp; Ce site est h\u00e9berg\u00e9 par OVH SAS 2 rue Kellermann &#8211; 59100 Roubaix &#8211; France. &nbsp; Ce site est&hellip;\" \/>\n<meta property=\"og:url\" content=\"https:\/\/fihoa.net\/fr\/mentions\/\" \/>\n<meta property=\"og:site_name\" content=\"FIHOA\" \/>\n<meta property=\"article:modified_time\" content=\"2016-05-24T10:44:22+00:00\" \/>\n<meta name=\"twitter:card\" content=\"summary_large_image\" \/>\n<meta name=\"twitter:label1\" content=\"Dur\u00e9e de lecture estim\u00e9e\" \/>\n\t<meta name=\"twitter:data1\" content=\"2 minutes\" \/>\n<script type=\"application\/ld+json\" class=\"yoast-schema-graph\">{\"@context\":\"https:\/\/schema.org\",\"@graph\":[{\"@type\":\"WebPage\",\"@id\":\"https:\/\/fihoa.net\/fr\/mentions\/\",\"url\":\"https:\/\/fihoa.net\/fr\/mentions\/\",\"name\":\"Mentions - FIHOA\",\"isPartOf\":{\"@id\":\"https:\/\/fihoa.net\/#website\"},\"datePublished\":\"2016-05-24T09:58:17+00:00\",\"dateModified\":\"2016-05-24T10:44:22+00:00\",\"breadcrumb\":{\"@id\":\"https:\/\/fihoa.net\/fr\/mentions\/#breadcrumb\"},\"inLanguage\":\"fr-FR\",\"potentialAction\":[{\"@type\":\"ReadAction\",\"target\":[\"https:\/\/fihoa.net\/fr\/mentions\/\"]}]},{\"@type\":\"BreadcrumbList\",\"@id\":\"https:\/\/fihoa.net\/fr\/mentions\/#breadcrumb\",\"itemListElement\":[{\"@type\":\"ListItem\",\"position\":1,\"name\":\"Home\",\"item\":\"https:\/\/fihoa.net\/fr\/\"},{\"@type\":\"ListItem\",\"position\":2,\"name\":\"Mentions\"}]},{\"@type\":\"WebSite\",\"@id\":\"https:\/\/fihoa.net\/#website\",\"url\":\"https:\/\/fihoa.net\/\",\"name\":\"FIHOA\",\"description\":\"\",\"publisher\":{\"@id\":\"https:\/\/fihoa.net\/#organization\"},\"potentialAction\":[{\"@type\":\"SearchAction\",\"target\":{\"@type\":\"EntryPoint\",\"urlTemplate\":\"https:\/\/fihoa.net\/?s={search_term_string}\"},\"query-input\":{\"@type\":\"PropertyValueSpecification\",\"valueRequired\":true,\"valueName\":\"search_term_string\"}}],\"inLanguage\":\"fr-FR\"},{\"@type\":\"Organization\",\"@id\":\"https:\/\/fihoa.net\/#organization\",\"name\":\"FIHOA\",\"url\":\"https:\/\/fihoa.net\/\",\"logo\":{\"@type\":\"ImageObject\",\"inLanguage\":\"fr-FR\",\"@id\":\"https:\/\/fihoa.net\/#\/schema\/logo\/image\/\",\"url\":\"https:\/\/fihoa.net\/wp-content\/uploads\/2016\/04\/FIHOA-1.png\",\"contentUrl\":\"https:\/\/fihoa.net\/wp-content\/uploads\/2016\/04\/FIHOA-1.png\",\"width\":235,\"height\":75,\"caption\":\"FIHOA\"},\"image\":{\"@id\":\"https:\/\/fihoa.net\/#\/schema\/logo\/image\/\"}}]}<\/script>\n<!-- \/ Yoast SEO plugin. -->","yoast_head_json":{"title":"Mentions - FIHOA","robots":{"index":"index","follow":"follow","max-snippet":"max-snippet:-1","max-image-preview":"max-image-preview:large","max-video-preview":"max-video-preview:-1"},"canonical":"https:\/\/fihoa.net\/fr\/mentions\/","og_locale":"fr_FR","og_type":"article","og_title":"Mentions - FIHOA","og_description":"[vc_row][vc_column][vc_column_text]MENTIONS LEGALES &nbsp; Le site fihoa.net est \u00e9dit\u00e9 par Dr Ren\u00e9e-Liliane DREISER Dr Emmanuel MAHEU Contact : envoyer un email &nbsp; Ce site est h\u00e9berg\u00e9 par OVH SAS 2 rue Kellermann &#8211; 59100 Roubaix &#8211; France. &nbsp; Ce site est&hellip;","og_url":"https:\/\/fihoa.net\/fr\/mentions\/","og_site_name":"FIHOA","article_modified_time":"2016-05-24T10:44:22+00:00","twitter_card":"summary_large_image","twitter_misc":{"Dur\u00e9e de lecture estim\u00e9e":"2 minutes"},"schema":{"@context":"https:\/\/schema.org","@graph":[{"@type":"WebPage","@id":"https:\/\/fihoa.net\/fr\/mentions\/","url":"https:\/\/fihoa.net\/fr\/mentions\/","name":"Mentions - FIHOA","isPartOf":{"@id":"https:\/\/fihoa.net\/#website"},"datePublished":"2016-05-24T09:58:17+00:00","dateModified":"2016-05-24T10:44:22+00:00","breadcrumb":{"@id":"https:\/\/fihoa.net\/fr\/mentions\/#breadcrumb"},"inLanguage":"fr-FR","potentialAction":[{"@type":"ReadAction","target":["https:\/\/fihoa.net\/fr\/mentions\/"]}]},{"@type":"BreadcrumbList","@id":"https:\/\/fihoa.net\/fr\/mentions\/#breadcrumb","itemListElement":[{"@type":"ListItem","position":1,"name":"Home","item":"https:\/\/fihoa.net\/fr\/"},{"@type":"ListItem","position":2,"name":"Mentions"}]},{"@type":"WebSite","@id":"https:\/\/fihoa.net\/#website","url":"https:\/\/fihoa.net\/","name":"FIHOA","description":"","publisher":{"@id":"https:\/\/fihoa.net\/#organization"},"potentialAction":[{"@type":"SearchAction","target":{"@type":"EntryPoint","urlTemplate":"https:\/\/fihoa.net\/?s={search_term_string}"},"query-input":{"@type":"PropertyValueSpecification","valueRequired":true,"valueName":"search_term_string"}}],"inLanguage":"fr-FR"},{"@type":"Organization","@id":"https:\/\/fihoa.net\/#organization","name":"FIHOA","url":"https:\/\/fihoa.net\/","logo":{"@type":"ImageObject","inLanguage":"fr-FR","@id":"https:\/\/fihoa.net\/#\/schema\/logo\/image\/","url":"https:\/\/fihoa.net\/wp-content\/uploads\/2016\/04\/FIHOA-1.png","contentUrl":"https:\/\/fihoa.net\/wp-content\/uploads\/2016\/04\/FIHOA-1.png","width":235,"height":75,"caption":"FIHOA"},"image":{"@id":"https:\/\/fihoa.net\/#\/schema\/logo\/image\/"}}]}},"_links":{"self":[{"href":"https:\/\/fihoa.net\/fr\/wp-json\/wp\/v2\/pages\/283","targetHints":{"allow":["GET"]}}],"collection":[{"href":"https:\/\/fihoa.net\/fr\/wp-json\/wp\/v2\/pages"}],"about":[{"href":"https:\/\/fihoa.net\/fr\/wp-json\/wp\/v2\/types\/page"}],"author":[{"embeddable":true,"href":"https:\/\/fihoa.net\/fr\/wp-json\/wp\/v2\/users\/1"}],"replies":[{"embeddable":true,"href":"https:\/\/fihoa.net\/fr\/wp-json\/wp\/v2\/comments?post=283"}],"version-history":[{"count":2,"href":"https:\/\/fihoa.net\/fr\/wp-json\/wp\/v2\/pages\/283\/revisions"}],"predecessor-version":[{"id":294,"href":"https:\/\/fihoa.net\/fr\/wp-json\/wp\/v2\/pages\/283\/revisions\/294"}],"wp:attachment":[{"href":"https:\/\/fihoa.net\/fr\/wp-json\/wp\/v2\/media?parent=283"}],"curies":[{"name":"wp","href":"https:\/\/api.w.org\/{rel}","templated":true}]}}