{"id":136,"date":"2016-05-10T12:15:02","date_gmt":"2016-05-10T10:15:02","guid":{"rendered":"http:\/\/fihoa.net\/?page_id=136&#038;lang=fr"},"modified":"2016-06-06T18:49:22","modified_gmt":"2016-06-06T16:49:22","slug":"les-auteurs","status":"publish","type":"page","link":"https:\/\/fihoa.net\/fr\/les-auteurs\/","title":{"rendered":"Les Auteurs"},"content":{"rendered":"[vc_row][vc_column width=\u00a0\u00bb1\/2&Prime;][vc_single_image image=\u00a0\u00bb152&Prime; alignment=\u00a0\u00bbcenter\u00a0\u00bb][vc_text_separator title=\u00a0\u00bbDocteur Ren\u00e9e Liliane Dreiser\u00a0\u00bb color=\u00a0\u00bbcustom\u00a0\u00bb accent_color=\u00a0\u00bb#038dee\u00a0\u00bb][vc_empty_space][vc_column_text]\n<div class=\"page\" title=\"Page 8\">\n<div class=\"layoutArea\">\n<div class=\"column\">\n<ul>\n<li>M\u00e9decin rhumatologue (Paris, France),<\/li>\n<li>Dipl\u00f4m\u00e9e de pharmacologie clinique,<\/li>\n<li>Expert clinicien en rhumatologie,<\/li>\n<li>Membre de la Soci\u00e9t\u00e9 Fran\u00e7aise de Rhumatologie<\/li>\n<li>Membre de la soci\u00e9t\u00e9 Fran\u00e7aise de Pharmacologie et Th\u00e9rapeutique,<\/li>\n<li>Attach\u00e9e en rhumatologie de l\u2019h\u00f4pital Bichat (Paris).<\/li>\n<li>Membre de l&rsquo;OARSI<\/li>\n<\/ul>\n<\/div>\n<\/div>\n<\/div>\n[\/vc_column_text][vc_column_text]\n<p style=\"text-align: center;\"><a href=\"mailto:rldreiser@gmail.com\">rldreiser@gmail.com<\/a><\/p>\n[\/vc_column_text][\/vc_column][vc_column width=\u00a0\u00bb1\/2&Prime;][vc_single_image image=\u00a0\u00bb151&Prime; alignment=\u00a0\u00bbcenter\u00a0\u00bb][vc_text_separator title=\u00a0\u00bbDocteur Emmanuel Maheu\u00a0\u00bb color=\u00a0\u00bbcustom\u00a0\u00bb accent_color=\u00a0\u00bb#038dee\u00a0\u00bb][vc_empty_space][vc_column_text]\n<div class=\"page\" title=\"Page 8\">\n<div class=\"layoutArea\">\n<div class=\"column\">\n<ul>\n<li>M\u00e9decin rhumatologue (Paris, France),<\/li>\n<li>Membre de la Soci\u00e9t\u00e9 Fran\u00e7aise de Rhumatologie,<\/li>\n<li>Membre de l\u2019OARSI depuis sa cr\u00e9ation,<\/li>\n<li>Membre du <em>Board<\/em> \u00e9ditorial d\u2019<em>Osteoarthritis and Cartilage<\/em>,<\/li>\n<li><em>Reviewer<\/em> pour les principales revues internationales de Rhumatologie,<\/li>\n<li>A particip\u00e9 aux groupes de travail de l\u2019EULAR pour la prise en charge et pour le diagnostic de l\u2019arthrose digitale,<\/li>\n<li>A dirig\u00e9 la <em>Task Force<\/em> de l\u2019OARSI en 2006, puis 2015 pour l\u2019\u00e9laboration des recommandations pour la conduite des essais cliniques dans l\u2019arthrose digitale,<\/li>\n<li>Attach\u00e9 en rhumatologie de l\u2019h\u00f4pital Saint-Antoine (Paris).<\/li>\n<\/ul>\n<\/div>\n<\/div>\n<\/div>\n[\/vc_column_text][vc_empty_space][vc_column_text]\n<p style=\"text-align: center;\"><a href=\"mailto:emaheu@wanadoo.fr\">emaheu@wanadoo.fr<\/a><\/p>\n[\/vc_column_text][\/vc_column][\/vc_row]\n","protected":false},"excerpt":{"rendered":"<p>[vc_row][vc_column width=\u00a0\u00bb1\/2&Prime;][vc_single_image image=\u00a0\u00bb152&Prime; alignment=\u00a0\u00bbcenter\u00a0\u00bb][vc_text_separator title=\u00a0\u00bbDocteur Ren\u00e9e Liliane Dreiser\u00a0\u00bb color=\u00a0\u00bbcustom\u00a0\u00bb accent_color=\u00a0\u00bb#038dee\u00a0\u00bb][vc_empty_space][vc_column_text] M\u00e9decin rhumatologue (Paris, France), Dipl\u00f4m\u00e9e de pharmacologie clinique, Expert clinicien en rhumatologie, Membre de la Soci\u00e9t\u00e9 Fran\u00e7aise de Rhumatologie Membre de la soci\u00e9t\u00e9 Fran\u00e7aise de Pharmacologie et Th\u00e9rapeutique, Attach\u00e9e en&hellip;<\/p>\n","protected":false},"author":1,"featured_media":0,"parent":0,"menu_order":0,"comment_status":"closed","ping_status":"closed","template":"","meta":{"footnotes":""},"class_list":["post-136","page","type-page","status-publish","hentry","entry","no-media"],"yoast_head":"<!-- This site is optimized with the Yoast SEO plugin v27.0 - https:\/\/yoast.com\/product\/yoast-seo-wordpress\/ -->\n<title>Les Auteurs - FIHOA<\/title>\n<meta name=\"robots\" content=\"index, follow, max-snippet:-1, max-image-preview:large, max-video-preview:-1\" \/>\n<link rel=\"canonical\" href=\"https:\/\/fihoa.net\/authors\/\" \/>\n<meta property=\"og:locale\" content=\"fr_FR\" \/>\n<meta property=\"og:type\" content=\"article\" \/>\n<meta property=\"og:title\" content=\"Les Auteurs - FIHOA\" \/>\n<meta property=\"og:description\" content=\"[vc_row][vc_column width=\u00a0\u00bb1\/2&Prime;][vc_single_image image=\u00a0\u00bb152&Prime; alignment=\u00a0\u00bbcenter\u00a0\u00bb][vc_text_separator title=\u00a0\u00bbDocteur Ren\u00e9e Liliane Dreiser\u00a0\u00bb color=\u00a0\u00bbcustom\u00a0\u00bb accent_color=\u00a0\u00bb#038dee\u00a0\u00bb][vc_empty_space][vc_column_text] M\u00e9decin rhumatologue (Paris, France), Dipl\u00f4m\u00e9e de pharmacologie clinique, Expert clinicien en rhumatologie, Membre de la Soci\u00e9t\u00e9 Fran\u00e7aise de Rhumatologie Membre de la soci\u00e9t\u00e9 Fran\u00e7aise de Pharmacologie et Th\u00e9rapeutique, Attach\u00e9e en&hellip;\" \/>\n<meta property=\"og:url\" content=\"https:\/\/fihoa.net\/authors\/\" \/>\n<meta property=\"og:site_name\" content=\"FIHOA\" \/>\n<meta property=\"article:modified_time\" content=\"2016-06-06T16:49:22+00:00\" \/>\n<meta name=\"twitter:card\" content=\"summary_large_image\" \/>\n<meta name=\"twitter:label1\" content=\"Dur\u00e9e de lecture estim\u00e9e\" \/>\n\t<meta name=\"twitter:data1\" content=\"1 minute\" \/>\n<script type=\"application\/ld+json\" class=\"yoast-schema-graph\">{\"@context\":\"https:\/\/schema.org\",\"@graph\":[{\"@type\":\"WebPage\",\"@id\":\"https:\/\/fihoa.net\/authors\/\",\"url\":\"https:\/\/fihoa.net\/authors\/\",\"name\":\"Les Auteurs - FIHOA\",\"isPartOf\":{\"@id\":\"https:\/\/fihoa.net\/#website\"},\"datePublished\":\"2016-05-10T10:15:02+00:00\",\"dateModified\":\"2016-06-06T16:49:22+00:00\",\"breadcrumb\":{\"@id\":\"https:\/\/fihoa.net\/authors\/#breadcrumb\"},\"inLanguage\":\"fr-FR\",\"potentialAction\":[{\"@type\":\"ReadAction\",\"target\":[\"https:\/\/fihoa.net\/authors\/\"]}]},{\"@type\":\"BreadcrumbList\",\"@id\":\"https:\/\/fihoa.net\/authors\/#breadcrumb\",\"itemListElement\":[{\"@type\":\"ListItem\",\"position\":1,\"name\":\"Home\",\"item\":\"https:\/\/fihoa.net\/fr\/\"},{\"@type\":\"ListItem\",\"position\":2,\"name\":\"Les Auteurs\"}]},{\"@type\":\"WebSite\",\"@id\":\"https:\/\/fihoa.net\/#website\",\"url\":\"https:\/\/fihoa.net\/\",\"name\":\"FIHOA\",\"description\":\"\",\"publisher\":{\"@id\":\"https:\/\/fihoa.net\/#organization\"},\"potentialAction\":[{\"@type\":\"SearchAction\",\"target\":{\"@type\":\"EntryPoint\",\"urlTemplate\":\"https:\/\/fihoa.net\/?s={search_term_string}\"},\"query-input\":{\"@type\":\"PropertyValueSpecification\",\"valueRequired\":true,\"valueName\":\"search_term_string\"}}],\"inLanguage\":\"fr-FR\"},{\"@type\":\"Organization\",\"@id\":\"https:\/\/fihoa.net\/#organization\",\"name\":\"FIHOA\",\"url\":\"https:\/\/fihoa.net\/\",\"logo\":{\"@type\":\"ImageObject\",\"inLanguage\":\"fr-FR\",\"@id\":\"https:\/\/fihoa.net\/#\/schema\/logo\/image\/\",\"url\":\"https:\/\/fihoa.net\/wp-content\/uploads\/2016\/04\/FIHOA-1.png\",\"contentUrl\":\"https:\/\/fihoa.net\/wp-content\/uploads\/2016\/04\/FIHOA-1.png\",\"width\":235,\"height\":75,\"caption\":\"FIHOA\"},\"image\":{\"@id\":\"https:\/\/fihoa.net\/#\/schema\/logo\/image\/\"}}]}<\/script>\n<!-- \/ Yoast SEO plugin. -->","yoast_head_json":{"title":"Les Auteurs - FIHOA","robots":{"index":"index","follow":"follow","max-snippet":"max-snippet:-1","max-image-preview":"max-image-preview:large","max-video-preview":"max-video-preview:-1"},"canonical":"https:\/\/fihoa.net\/authors\/","og_locale":"fr_FR","og_type":"article","og_title":"Les Auteurs - FIHOA","og_description":"[vc_row][vc_column width=\u00a0\u00bb1\/2&Prime;][vc_single_image image=\u00a0\u00bb152&Prime; alignment=\u00a0\u00bbcenter\u00a0\u00bb][vc_text_separator title=\u00a0\u00bbDocteur Ren\u00e9e Liliane Dreiser\u00a0\u00bb color=\u00a0\u00bbcustom\u00a0\u00bb accent_color=\u00a0\u00bb#038dee\u00a0\u00bb][vc_empty_space][vc_column_text] M\u00e9decin rhumatologue (Paris, France), Dipl\u00f4m\u00e9e de pharmacologie clinique, Expert clinicien en rhumatologie, Membre de la Soci\u00e9t\u00e9 Fran\u00e7aise de Rhumatologie Membre de la soci\u00e9t\u00e9 Fran\u00e7aise de Pharmacologie et Th\u00e9rapeutique, Attach\u00e9e en&hellip;","og_url":"https:\/\/fihoa.net\/authors\/","og_site_name":"FIHOA","article_modified_time":"2016-06-06T16:49:22+00:00","twitter_card":"summary_large_image","twitter_misc":{"Dur\u00e9e de lecture estim\u00e9e":"1 minute"},"schema":{"@context":"https:\/\/schema.org","@graph":[{"@type":"WebPage","@id":"https:\/\/fihoa.net\/authors\/","url":"https:\/\/fihoa.net\/authors\/","name":"Les Auteurs - FIHOA","isPartOf":{"@id":"https:\/\/fihoa.net\/#website"},"datePublished":"2016-05-10T10:15:02+00:00","dateModified":"2016-06-06T16:49:22+00:00","breadcrumb":{"@id":"https:\/\/fihoa.net\/authors\/#breadcrumb"},"inLanguage":"fr-FR","potentialAction":[{"@type":"ReadAction","target":["https:\/\/fihoa.net\/authors\/"]}]},{"@type":"BreadcrumbList","@id":"https:\/\/fihoa.net\/authors\/#breadcrumb","itemListElement":[{"@type":"ListItem","position":1,"name":"Home","item":"https:\/\/fihoa.net\/fr\/"},{"@type":"ListItem","position":2,"name":"Les Auteurs"}]},{"@type":"WebSite","@id":"https:\/\/fihoa.net\/#website","url":"https:\/\/fihoa.net\/","name":"FIHOA","description":"","publisher":{"@id":"https:\/\/fihoa.net\/#organization"},"potentialAction":[{"@type":"SearchAction","target":{"@type":"EntryPoint","urlTemplate":"https:\/\/fihoa.net\/?s={search_term_string}"},"query-input":{"@type":"PropertyValueSpecification","valueRequired":true,"valueName":"search_term_string"}}],"inLanguage":"fr-FR"},{"@type":"Organization","@id":"https:\/\/fihoa.net\/#organization","name":"FIHOA","url":"https:\/\/fihoa.net\/","logo":{"@type":"ImageObject","inLanguage":"fr-FR","@id":"https:\/\/fihoa.net\/#\/schema\/logo\/image\/","url":"https:\/\/fihoa.net\/wp-content\/uploads\/2016\/04\/FIHOA-1.png","contentUrl":"https:\/\/fihoa.net\/wp-content\/uploads\/2016\/04\/FIHOA-1.png","width":235,"height":75,"caption":"FIHOA"},"image":{"@id":"https:\/\/fihoa.net\/#\/schema\/logo\/image\/"}}]}},"_links":{"self":[{"href":"https:\/\/fihoa.net\/fr\/wp-json\/wp\/v2\/pages\/136","targetHints":{"allow":["GET"]}}],"collection":[{"href":"https:\/\/fihoa.net\/fr\/wp-json\/wp\/v2\/pages"}],"about":[{"href":"https:\/\/fihoa.net\/fr\/wp-json\/wp\/v2\/types\/page"}],"author":[{"embeddable":true,"href":"https:\/\/fihoa.net\/fr\/wp-json\/wp\/v2\/users\/1"}],"replies":[{"embeddable":true,"href":"https:\/\/fihoa.net\/fr\/wp-json\/wp\/v2\/comments?post=136"}],"version-history":[{"count":3,"href":"https:\/\/fihoa.net\/fr\/wp-json\/wp\/v2\/pages\/136\/revisions"}],"predecessor-version":[{"id":453,"href":"https:\/\/fihoa.net\/fr\/wp-json\/wp\/v2\/pages\/136\/revisions\/453"}],"wp:attachment":[{"href":"https:\/\/fihoa.net\/fr\/wp-json\/wp\/v2\/media?parent=136"}],"curies":[{"name":"wp","href":"https:\/\/api.w.org\/{rel}","templated":true}]}}