{"id":131,"date":"2016-04-26T10:28:42","date_gmt":"2016-04-26T08:28:42","guid":{"rendered":"http:\/\/fihoa.net\/contact\/?lang=fr"},"modified":"2016-06-17T16:06:12","modified_gmt":"2016-06-17T14:06:12","slug":"contact","status":"publish","type":"page","link":"https:\/\/fihoa.net\/fr\/contact\/","title":{"rendered":"Contact"},"content":{"rendered":"[vc_row][vc_column][rev_slider_vc alias=\u00a0\u00bbcontact\u00a0\u00bb][\/vc_column][\/vc_row][vc_row][vc_column][vc_separator color=\u00a0\u00bbcustom\u00a0\u00bb accent_color=\u00a0\u00bb#038dee\u00a0\u00bb][vc_empty_space][vc_column_text]\n<div class=\"page\" title=\"Page 9\">\n<div class=\"layoutArea\">\n<div class=\"column\">\n<p>L\u2019utilisation du FIHOA est <span style=\"text-decoration: underline;\">libre de droits. <\/span><\/p>\n<p>N\u00e9anmoins, les auteurs souhaiteraient \u00eatre inform\u00e9s, par courtoisie, de tout usage acad\u00e9mique de l\u2019indice (th\u00e8se, essai clinique ou th\u00e9rapeutique, publication). et pour toute utilisation dans un essai clinique promu par l&rsquo;industrie pharmaceutique.<\/p>\n<\/div>\n<\/div>\n<\/div>\n[\/vc_column_text][vc_empty_space][vc_separator color=\u00a0\u00bbcustom\u00a0\u00bb accent_color=\u00a0\u00bb#038dee\u00a0\u00bb][\/vc_column][\/vc_row][vc_row][vc_column]\n<div class=\"wpcf7 no-js\" id=\"wpcf7-f5-o1\" lang=\"fr-FR\" dir=\"ltr\" data-wpcf7-id=\"5\">\n<div class=\"screen-reader-response\"><p role=\"status\" aria-live=\"polite\" aria-atomic=\"true\"><\/p> <ul><\/ul><\/div>\n<form action=\"\/fr\/wp-json\/wp\/v2\/pages\/131#wpcf7-f5-o1\" method=\"post\" class=\"wpcf7-form init\" aria-label=\"Formulaire de contact\" novalidate=\"novalidate\" data-status=\"init\">\n<fieldset class=\"hidden-fields-container\"><input type=\"hidden\" name=\"_wpcf7\" value=\"5\" \/><input type=\"hidden\" name=\"_wpcf7_version\" value=\"6.1.5\" \/><input type=\"hidden\" name=\"_wpcf7_locale\" value=\"fr_FR\" \/><input type=\"hidden\" name=\"_wpcf7_unit_tag\" value=\"wpcf7-f5-o1\" \/><input type=\"hidden\" name=\"_wpcf7_container_post\" value=\"0\" \/><input type=\"hidden\" name=\"_wpcf7_posted_data_hash\" value=\"\" \/>\n<\/fieldset>\n<p>Nom - Pr\u00e9nom *\n<\/p>\n<p><span class=\"wpcf7-form-control-wrap\" data-name=\"your-name\"><input size=\"40\" maxlength=\"400\" class=\"wpcf7-form-control wpcf7-text wpcf7-validates-as-required\" aria-required=\"true\" aria-invalid=\"false\" value=\"\" type=\"text\" name=\"your-name\" \/><\/span>\n<\/p>\n<p>Email *\n<\/p>\n<p><span class=\"wpcf7-form-control-wrap\" data-name=\"your-email\"><input size=\"40\" maxlength=\"400\" class=\"wpcf7-form-control wpcf7-email wpcf7-validates-as-required wpcf7-text wpcf7-validates-as-email\" aria-required=\"true\" aria-invalid=\"false\" value=\"\" type=\"email\" name=\"your-email\" \/><\/span>\n<\/p>\n<p>Institution\n<\/p>\n<p><span class=\"wpcf7-form-control-wrap\" data-name=\"your-institution\"><input size=\"40\" maxlength=\"400\" class=\"wpcf7-form-control wpcf7-text\" aria-invalid=\"false\" value=\"\" type=\"text\" name=\"your-institution\" \/><\/span>\n<\/p>\n<p>Ville *\n<\/p>\n<p><span class=\"wpcf7-form-control-wrap\" data-name=\"your-ville\"><input size=\"40\" maxlength=\"400\" class=\"wpcf7-form-control wpcf7-text wpcf7-validates-as-required\" aria-required=\"true\" aria-invalid=\"false\" value=\"\" type=\"text\" name=\"your-ville\" \/><\/span>\n<\/p>\n<p>Pays *\n<\/p>\n<p><span class=\"wpcf7-form-control-wrap\" data-name=\"your-pays\"><input size=\"40\" maxlength=\"400\" class=\"wpcf7-form-control wpcf7-text wpcf7-validates-as-required\" aria-required=\"true\" aria-invalid=\"false\" value=\"\" type=\"text\" name=\"your-pays\" \/><\/span>\n<\/p>\n<p>T\u00e9l\u00e9phone\n<\/p>\n<p><span class=\"wpcf7-form-control-wrap\" data-name=\"tel-248\"><input size=\"40\" maxlength=\"400\" class=\"wpcf7-form-control wpcf7-tel wpcf7-text wpcf7-validates-as-tel\" aria-invalid=\"false\" value=\"\" type=\"tel\" name=\"tel-248\" \/><\/span>\n<\/p>\n<p>Sujet *\n<\/p>\n<p><span class=\"wpcf7-form-control-wrap\" data-name=\"your-sujet\"><input size=\"40\" maxlength=\"400\" class=\"wpcf7-form-control wpcf7-text wpcf7-validates-as-required\" aria-required=\"true\" aria-invalid=\"false\" value=\"\" type=\"text\" name=\"your-sujet\" \/><\/span>\n<\/p>\n<p>Votre message *\n<\/p>\n<p><span class=\"wpcf7-form-control-wrap\" data-name=\"your-message\"><textarea cols=\"40\" rows=\"10\" maxlength=\"2000\" class=\"wpcf7-form-control wpcf7-textarea wpcf7-validates-as-required\" aria-required=\"true\" aria-invalid=\"false\" name=\"your-message\"><\/textarea><\/span>\n<\/p>\n<p><input class=\"wpcf7-form-control wpcf7-submit has-spinner\" type=\"submit\" value=\"Envoyer\" \/>\n<\/p><p style=\"display: none !important;\" class=\"akismet-fields-container\" data-prefix=\"_wpcf7_ak_\"><label>&#916;<textarea name=\"_wpcf7_ak_hp_textarea\" cols=\"45\" rows=\"8\" maxlength=\"100\"><\/textarea><\/label><input type=\"hidden\" id=\"ak_js_1\" name=\"_wpcf7_ak_js\" value=\"20\"\/><script>document.getElementById( \"ak_js_1\" ).setAttribute( \"value\", ( new Date() ).getTime() );<\/script><\/p><div class=\"wpcf7-response-output\" aria-hidden=\"true\"><\/div>\n<\/form>\n<\/div>\n[\/vc_column][\/vc_row]\n","protected":false},"excerpt":{"rendered":"<p>[vc_row][vc_column][rev_slider_vc alias=\u00a0\u00bbcontact\u00a0\u00bb][\/vc_column][\/vc_row][vc_row][vc_column][vc_separator color=\u00a0\u00bbcustom\u00a0\u00bb accent_color=\u00a0\u00bb#038dee\u00a0\u00bb][vc_empty_space][vc_column_text] L\u2019utilisation du FIHOA est libre de droits. N\u00e9anmoins, les auteurs souhaiteraient \u00eatre inform\u00e9s, par courtoisie, de tout usage acad\u00e9mique de l\u2019indice (th\u00e8se, essai clinique ou th\u00e9rapeutique, publication). et pour toute utilisation dans un essai clinique promu&hellip;<\/p>\n","protected":false},"author":1,"featured_media":0,"parent":0,"menu_order":0,"comment_status":"closed","ping_status":"closed","template":"","meta":{"footnotes":""},"class_list":["post-131","page","type-page","status-publish","hentry","entry","no-media"],"yoast_head":"<!-- This site is optimized with the Yoast SEO plugin v27.0 - https:\/\/yoast.com\/product\/yoast-seo-wordpress\/ -->\n<title>Contact - FIHOA<\/title>\n<meta name=\"robots\" content=\"index, follow, max-snippet:-1, max-image-preview:large, max-video-preview:-1\" \/>\n<link rel=\"canonical\" href=\"https:\/\/fihoa.net\/contact\/\" \/>\n<meta property=\"og:locale\" content=\"fr_FR\" \/>\n<meta property=\"og:type\" content=\"article\" \/>\n<meta property=\"og:title\" content=\"Contact - FIHOA\" \/>\n<meta property=\"og:description\" content=\"[vc_row][vc_column][rev_slider_vc alias=\u00a0\u00bbcontact\u00a0\u00bb][\/vc_column][\/vc_row][vc_row][vc_column][vc_separator color=\u00a0\u00bbcustom\u00a0\u00bb accent_color=\u00a0\u00bb#038dee\u00a0\u00bb][vc_empty_space][vc_column_text] L\u2019utilisation du FIHOA est libre de droits. N\u00e9anmoins, les auteurs souhaiteraient \u00eatre inform\u00e9s, par courtoisie, de tout usage acad\u00e9mique de l\u2019indice (th\u00e8se, essai clinique ou th\u00e9rapeutique, publication). et pour toute utilisation dans un essai clinique promu&hellip;\" \/>\n<meta property=\"og:url\" content=\"https:\/\/fihoa.net\/contact\/\" \/>\n<meta property=\"og:site_name\" content=\"FIHOA\" \/>\n<meta property=\"article:modified_time\" content=\"2016-06-17T14:06:12+00:00\" \/>\n<meta name=\"twitter:card\" content=\"summary_large_image\" \/>\n<meta name=\"twitter:label1\" content=\"Dur\u00e9e de lecture estim\u00e9e\" \/>\n\t<meta name=\"twitter:data1\" content=\"1 minute\" \/>\n<script type=\"application\/ld+json\" class=\"yoast-schema-graph\">{\"@context\":\"https:\/\/schema.org\",\"@graph\":[{\"@type\":\"WebPage\",\"@id\":\"https:\/\/fihoa.net\/contact\/\",\"url\":\"https:\/\/fihoa.net\/contact\/\",\"name\":\"Contact - FIHOA\",\"isPartOf\":{\"@id\":\"https:\/\/fihoa.net\/#website\"},\"datePublished\":\"2016-04-26T08:28:42+00:00\",\"dateModified\":\"2016-06-17T14:06:12+00:00\",\"breadcrumb\":{\"@id\":\"https:\/\/fihoa.net\/contact\/#breadcrumb\"},\"inLanguage\":\"fr-FR\",\"potentialAction\":[{\"@type\":\"ReadAction\",\"target\":[\"https:\/\/fihoa.net\/contact\/\"]}]},{\"@type\":\"BreadcrumbList\",\"@id\":\"https:\/\/fihoa.net\/contact\/#breadcrumb\",\"itemListElement\":[{\"@type\":\"ListItem\",\"position\":1,\"name\":\"Home\",\"item\":\"https:\/\/fihoa.net\/fr\/\"},{\"@type\":\"ListItem\",\"position\":2,\"name\":\"Contact\"}]},{\"@type\":\"WebSite\",\"@id\":\"https:\/\/fihoa.net\/#website\",\"url\":\"https:\/\/fihoa.net\/\",\"name\":\"FIHOA\",\"description\":\"\",\"publisher\":{\"@id\":\"https:\/\/fihoa.net\/#organization\"},\"potentialAction\":[{\"@type\":\"SearchAction\",\"target\":{\"@type\":\"EntryPoint\",\"urlTemplate\":\"https:\/\/fihoa.net\/?s={search_term_string}\"},\"query-input\":{\"@type\":\"PropertyValueSpecification\",\"valueRequired\":true,\"valueName\":\"search_term_string\"}}],\"inLanguage\":\"fr-FR\"},{\"@type\":\"Organization\",\"@id\":\"https:\/\/fihoa.net\/#organization\",\"name\":\"FIHOA\",\"url\":\"https:\/\/fihoa.net\/\",\"logo\":{\"@type\":\"ImageObject\",\"inLanguage\":\"fr-FR\",\"@id\":\"https:\/\/fihoa.net\/#\/schema\/logo\/image\/\",\"url\":\"https:\/\/fihoa.net\/wp-content\/uploads\/2016\/04\/FIHOA-1.png\",\"contentUrl\":\"https:\/\/fihoa.net\/wp-content\/uploads\/2016\/04\/FIHOA-1.png\",\"width\":235,\"height\":75,\"caption\":\"FIHOA\"},\"image\":{\"@id\":\"https:\/\/fihoa.net\/#\/schema\/logo\/image\/\"}}]}<\/script>\n<!-- \/ Yoast SEO plugin. -->","yoast_head_json":{"title":"Contact - FIHOA","robots":{"index":"index","follow":"follow","max-snippet":"max-snippet:-1","max-image-preview":"max-image-preview:large","max-video-preview":"max-video-preview:-1"},"canonical":"https:\/\/fihoa.net\/contact\/","og_locale":"fr_FR","og_type":"article","og_title":"Contact - FIHOA","og_description":"[vc_row][vc_column][rev_slider_vc alias=\u00a0\u00bbcontact\u00a0\u00bb][\/vc_column][\/vc_row][vc_row][vc_column][vc_separator color=\u00a0\u00bbcustom\u00a0\u00bb accent_color=\u00a0\u00bb#038dee\u00a0\u00bb][vc_empty_space][vc_column_text] L\u2019utilisation du FIHOA est libre de droits. N\u00e9anmoins, les auteurs souhaiteraient \u00eatre inform\u00e9s, par courtoisie, de tout usage acad\u00e9mique de l\u2019indice (th\u00e8se, essai clinique ou th\u00e9rapeutique, publication). et pour toute utilisation dans un essai clinique promu&hellip;","og_url":"https:\/\/fihoa.net\/contact\/","og_site_name":"FIHOA","article_modified_time":"2016-06-17T14:06:12+00:00","twitter_card":"summary_large_image","twitter_misc":{"Dur\u00e9e de lecture estim\u00e9e":"1 minute"},"schema":{"@context":"https:\/\/schema.org","@graph":[{"@type":"WebPage","@id":"https:\/\/fihoa.net\/contact\/","url":"https:\/\/fihoa.net\/contact\/","name":"Contact - FIHOA","isPartOf":{"@id":"https:\/\/fihoa.net\/#website"},"datePublished":"2016-04-26T08:28:42+00:00","dateModified":"2016-06-17T14:06:12+00:00","breadcrumb":{"@id":"https:\/\/fihoa.net\/contact\/#breadcrumb"},"inLanguage":"fr-FR","potentialAction":[{"@type":"ReadAction","target":["https:\/\/fihoa.net\/contact\/"]}]},{"@type":"BreadcrumbList","@id":"https:\/\/fihoa.net\/contact\/#breadcrumb","itemListElement":[{"@type":"ListItem","position":1,"name":"Home","item":"https:\/\/fihoa.net\/fr\/"},{"@type":"ListItem","position":2,"name":"Contact"}]},{"@type":"WebSite","@id":"https:\/\/fihoa.net\/#website","url":"https:\/\/fihoa.net\/","name":"FIHOA","description":"","publisher":{"@id":"https:\/\/fihoa.net\/#organization"},"potentialAction":[{"@type":"SearchAction","target":{"@type":"EntryPoint","urlTemplate":"https:\/\/fihoa.net\/?s={search_term_string}"},"query-input":{"@type":"PropertyValueSpecification","valueRequired":true,"valueName":"search_term_string"}}],"inLanguage":"fr-FR"},{"@type":"Organization","@id":"https:\/\/fihoa.net\/#organization","name":"FIHOA","url":"https:\/\/fihoa.net\/","logo":{"@type":"ImageObject","inLanguage":"fr-FR","@id":"https:\/\/fihoa.net\/#\/schema\/logo\/image\/","url":"https:\/\/fihoa.net\/wp-content\/uploads\/2016\/04\/FIHOA-1.png","contentUrl":"https:\/\/fihoa.net\/wp-content\/uploads\/2016\/04\/FIHOA-1.png","width":235,"height":75,"caption":"FIHOA"},"image":{"@id":"https:\/\/fihoa.net\/#\/schema\/logo\/image\/"}}]}},"_links":{"self":[{"href":"https:\/\/fihoa.net\/fr\/wp-json\/wp\/v2\/pages\/131","targetHints":{"allow":["GET"]}}],"collection":[{"href":"https:\/\/fihoa.net\/fr\/wp-json\/wp\/v2\/pages"}],"about":[{"href":"https:\/\/fihoa.net\/fr\/wp-json\/wp\/v2\/types\/page"}],"author":[{"embeddable":true,"href":"https:\/\/fihoa.net\/fr\/wp-json\/wp\/v2\/users\/1"}],"replies":[{"embeddable":true,"href":"https:\/\/fihoa.net\/fr\/wp-json\/wp\/v2\/comments?post=131"}],"version-history":[{"count":3,"href":"https:\/\/fihoa.net\/fr\/wp-json\/wp\/v2\/pages\/131\/revisions"}],"predecessor-version":[{"id":565,"href":"https:\/\/fihoa.net\/fr\/wp-json\/wp\/v2\/pages\/131\/revisions\/565"}],"wp:attachment":[{"href":"https:\/\/fihoa.net\/fr\/wp-json\/wp\/v2\/media?parent=131"}],"curies":[{"name":"wp","href":"https:\/\/api.w.org\/{rel}","templated":true}]}}