{"id":126,"date":"2016-05-10T11:30:03","date_gmt":"2016-05-10T09:30:03","guid":{"rendered":"http:\/\/fihoa.net\/fr\/?page_id=126"},"modified":"2016-06-17T16:00:55","modified_gmt":"2016-06-17T14:00:55","slug":"accueil","status":"publish","type":"page","link":"https:\/\/fihoa.net\/fr\/","title":{"rendered":"Accueil"},"content":{"rendered":"[vc_row][vc_column][rev_slider_vc alias=\u00a0\u00bbhomepage\u00a0\u00bb][\/vc_column][\/vc_row][vc_row][vc_column][vc_separator color=\u00a0\u00bbcustom\u00a0\u00bb accent_color=\u00a0\u00bb#038dee\u00a0\u00bb][vc_empty_space][vc_column_text]\n<div class=\"page\" title=\"Page 1\">\n<div class=\"layoutArea\">\n<div class=\"column\">\n<p>Le FIHOA (<em>Functional Index for Hand OsteoArthritis<\/em>) ou Indice Fonctionnel de l\u2019Arthrose de la Main ou Indice de Dreiser est un indice m\u00e9thodologiquement et cliniquement valid\u00e9, mis gracieusement par les auteurs \u00e0 la disposition de la communaut\u00e9 m\u00e9dicale et soignante.<\/p>\n<p>Ce site a pour ambition de vous pr\u00e9senter l&rsquo;indice, sa gen\u00e8se et son int\u00e9r\u00eat, et de l\u2019indice, et de vous permettre d\u2019en calculer directement le score dans les 17 versions linguistiques \u00e0 ce jour.<\/p>\n<p>Vous pourrez \u00e9galement obtenir une version num\u00e9rique ou imprim\u00e9e de l\u2019indice calcul\u00e9 \u00e0 des fins d\u2019archivage dans vos dossiers patients.<\/p>\n<\/div>\n<\/div>\n<\/div>\n[\/vc_column_text][\/vc_column][\/vc_row][vc_row][vc_column width=\u00a0\u00bb1\/2&Prime;][vc_single_image image=\u00a0\u00bb143&Prime; img_size=\u00a0\u00bbmedium\u00a0\u00bb alignment=\u00a0\u00bbcenter\u00a0\u00bb][vc_empty_space][vc_text_separator title=\u00a0\u00bbPrincipe et usages du FIHOA\u00a0\u00bb color=\u00a0\u00bbcustom\u00a0\u00bb accent_color=\u00a0\u00bb#038dee\u00a0\u00bb][vc_empty_space][vc_column_text]\n<div class=\"page\" title=\"Page 2\">\n<div class=\"layoutArea\">\n<div class=\"column\">\n<p>Le FIHOA est un indice cotant de 0 \u00e0 30 points l\u2019\u00e9valuation du handicap fonctionnel, li\u00e9 \u00e0 l\u2019arthrose digitale.<\/p>\n<p>Sous la forme d\u2019un questionnaire administr\u00e9 par le m\u00e9decin ou d&rsquo;un auto-questionnaire patient, compos\u00e9 de 10 questions renseign\u00e9es par le\u00a0m\u00e9decin ou le patient selon 4 modalit\u00e9s de r\u00e9ponses, il \u00e9value le retentissement fonctionnel de l\u2019arthrose digitale dans la vie quotidienne, et est amen\u00e9 \u00e0 se modifier avec l\u2019\u00e9volution de la maladie ou sous l\u2019effet des traitements instaur\u00e9s.<\/p>\n<p>Le score total va de 0 \u00e0 30, avec un seuil valid\u00e9 de 5 pour distinguer un patient symptomatique d\u2019un patient non symptomatique ou d\u2019un sujet contr\u00f4le.<\/p>\n<p>Il est ainsi l\u2019\u00e9quivalent pour l\u2019arthrose digitale de l\u2019indice de Lequesne pour l\u2019arthrose de la hanche ou du genou.<\/p>\n<\/div>\n<\/div>\n<\/div>\n[\/vc_column_text][\/vc_column][vc_column width=\u00a0\u00bb1\/2&Prime;][vc_single_image image=\u00a0\u00bb144&Prime; img_size=\u00a0\u00bbmedium\u00a0\u00bb alignment=\u00a0\u00bbcenter\u00a0\u00bb][vc_empty_space][vc_text_separator title=\u00a0\u00bb Quand et pourquoi utiliser le FIHOA ?\u00a0\u00bb color=\u00a0\u00bbcustom\u00a0\u00bb accent_color=\u00a0\u00bb#038dee\u00a0\u00bb][vc_empty_space][vc_column_text]\n<div class=\"page\" title=\"Page 2\">\n<div class=\"layoutArea\">\n<div class=\"column\">\n<div class=\"page\" title=\"Page 2\">\n<div class=\"layoutArea\">\n<div class=\"column\">\n<ul>\n<li>\u00c9valuer l\u2019impact fonctionnel de l\u2019arthrose digitale en pratique quotidienne ambulatoire et lors d\u2019\u00e9tudes cliniques et \u00e9pid\u00e9miologiques (suivi de cohortes);<\/li>\n<li>Juger objectivement de l\u2019efficacit\u00e9 d\u2019une r\u00e9ponse th\u00e9rapeutique anti-arthrosique ou antalgique \u00e0 l\u2019\u00e9chelon individuel, ou dans le cadre d\u2019un essai th\u00e9rapeutique;<\/li>\n<li>Comparer objectivement l\u2019efficacit\u00e9 de diff\u00e9rents traitements (qu&rsquo;ils soient non pharmacologique ou pharmacologique).<\/li>\n<\/ul>\n<\/div>\n<\/div>\n<\/div>\n<p>&nbsp;<\/p>\n<\/div>\n<\/div>\n<\/div>\n[\/vc_column_text][\/vc_column][\/vc_row][vc_row][vc_column][vc_text_separator title=\u00a0\u00bbHISTORIQUE DU FIHOA ET VALIDATION\u00a0\u00bb color=\u00a0\u00bbcustom\u00a0\u00bb accent_color=\u00a0\u00bb#038dee\u00a0\u00bb][vc_empty_space][vc_column_text]L\u2019id\u00e9e et la conception du FIHOA remonte \u00e0 un congr\u00e8s de l\u2019<em>American College of Rheumatology<\/em>\u00a0(ACR) qui s\u2019est tenu \u00e0 Cincinatti (USA) en 1991, et son \u00e9laboration a \u00e9t\u00e9 d\u00e9cid\u00e9e lors d\u2019une discussion entre les auteurs dans un couloir d\u2019attente de l\u2019a\u00e9roport de Chicago !<\/p>\n<p>La simplicit\u00e9 et rapidit\u00e9 d&rsquo;utilisation, et les qualit\u00e9s m\u00e9trologiques du FIHOA (pertinence clinique, sp\u00e9cificit\u00e9 et sensibilit\u00e9, consistance interne et externe, reproductibilit\u00e9 intra-observateur) ont \u00e9t\u00e9 valid\u00e9es d\u00e8s 1995 et confirm\u00e9es lors des \u00e9tudes ult\u00e9rieures ainsi que la reproductibilit\u00e9 inter-observateurs (1977) et la sensibilit\u00e9 au changement (2000).<\/p>\n<p>Les diff\u00e9rentes versions linguistiques du FIHOA ont \u00e9t\u00e9 r\u00e9alis\u00e9es suivant un process de validation rigoureux. Certaines versions ont \u00e9t\u00e9 publi\u00e9es.<\/p>\n<p>Vous pouvez en trouver les principales publications concernant le processus de validation et les adaptations linguistiques parmis les\u00a0<a href=\"http:\/\/fihoa.net\/fr\/references-bibliographiques\/\">r\u00e9f\u00e9rences bibliographiques du site.<\/a>[\/vc_column_text][\/vc_column][\/vc_row]\n","protected":false},"excerpt":{"rendered":"<p>[vc_row][vc_column][rev_slider_vc alias=\u00a0\u00bbhomepage\u00a0\u00bb][\/vc_column][\/vc_row][vc_row][vc_column][vc_separator color=\u00a0\u00bbcustom\u00a0\u00bb accent_color=\u00a0\u00bb#038dee\u00a0\u00bb][vc_empty_space][vc_column_text] Le FIHOA (Functional Index for Hand OsteoArthritis) ou Indice Fonctionnel de l\u2019Arthrose de la Main ou Indice de Dreiser est un indice m\u00e9thodologiquement et cliniquement valid\u00e9, mis gracieusement par les auteurs \u00e0 la disposition de la&hellip;<\/p>\n","protected":false},"author":1,"featured_media":0,"parent":0,"menu_order":0,"comment_status":"closed","ping_status":"open","template":"","meta":{"footnotes":""},"class_list":["post-126","page","type-page","status-publish","hentry","entry","no-media"],"yoast_head":"<!-- This site is optimized with the Yoast SEO plugin v27.0 - https:\/\/yoast.com\/product\/yoast-seo-wordpress\/ -->\n<title>Accueil - FIHOA<\/title>\n<meta name=\"robots\" content=\"index, follow, max-snippet:-1, max-image-preview:large, max-video-preview:-1\" \/>\n<link rel=\"canonical\" href=\"https:\/\/fihoa.net\/fr\/\" \/>\n<meta property=\"og:locale\" content=\"fr_FR\" \/>\n<meta property=\"og:type\" content=\"article\" \/>\n<meta property=\"og:title\" content=\"Accueil - FIHOA\" \/>\n<meta property=\"og:description\" content=\"[vc_row][vc_column][rev_slider_vc alias=\u00a0\u00bbhomepage\u00a0\u00bb][\/vc_column][\/vc_row][vc_row][vc_column][vc_separator color=\u00a0\u00bbcustom\u00a0\u00bb accent_color=\u00a0\u00bb#038dee\u00a0\u00bb][vc_empty_space][vc_column_text] Le FIHOA (Functional Index for Hand OsteoArthritis) ou Indice Fonctionnel de l\u2019Arthrose de la Main ou Indice de Dreiser est un indice m\u00e9thodologiquement et cliniquement valid\u00e9, mis gracieusement par les auteurs \u00e0 la disposition de la&hellip;\" \/>\n<meta property=\"og:url\" content=\"https:\/\/fihoa.net\/fr\/\" \/>\n<meta property=\"og:site_name\" content=\"FIHOA\" \/>\n<meta property=\"article:modified_time\" content=\"2016-06-17T14:00:55+00:00\" \/>\n<meta name=\"twitter:card\" content=\"summary_large_image\" \/>\n<meta name=\"twitter:label1\" content=\"Dur\u00e9e de lecture estim\u00e9e\" \/>\n\t<meta name=\"twitter:data1\" content=\"3 minutes\" \/>\n<script type=\"application\/ld+json\" class=\"yoast-schema-graph\">{\"@context\":\"https:\/\/schema.org\",\"@graph\":[{\"@type\":\"WebPage\",\"@id\":\"https:\/\/fihoa.net\/fr\/\",\"url\":\"https:\/\/fihoa.net\/fr\/\",\"name\":\"Accueil - FIHOA\",\"isPartOf\":{\"@id\":\"https:\/\/fihoa.net\/#website\"},\"datePublished\":\"2016-05-10T09:30:03+00:00\",\"dateModified\":\"2016-06-17T14:00:55+00:00\",\"breadcrumb\":{\"@id\":\"https:\/\/fihoa.net\/fr\/#breadcrumb\"},\"inLanguage\":\"fr-FR\",\"potentialAction\":[{\"@type\":\"ReadAction\",\"target\":[\"https:\/\/fihoa.net\/fr\/\"]}]},{\"@type\":\"BreadcrumbList\",\"@id\":\"https:\/\/fihoa.net\/fr\/#breadcrumb\",\"itemListElement\":[{\"@type\":\"ListItem\",\"position\":1,\"name\":\"Home\",\"item\":\"https:\/\/fihoa.net\/fr\/\"},{\"@type\":\"ListItem\",\"position\":2,\"name\":\"Accueil\"}]},{\"@type\":\"WebSite\",\"@id\":\"https:\/\/fihoa.net\/#website\",\"url\":\"https:\/\/fihoa.net\/\",\"name\":\"FIHOA\",\"description\":\"\",\"publisher\":{\"@id\":\"https:\/\/fihoa.net\/#organization\"},\"potentialAction\":[{\"@type\":\"SearchAction\",\"target\":{\"@type\":\"EntryPoint\",\"urlTemplate\":\"https:\/\/fihoa.net\/?s={search_term_string}\"},\"query-input\":{\"@type\":\"PropertyValueSpecification\",\"valueRequired\":true,\"valueName\":\"search_term_string\"}}],\"inLanguage\":\"fr-FR\"},{\"@type\":\"Organization\",\"@id\":\"https:\/\/fihoa.net\/#organization\",\"name\":\"FIHOA\",\"url\":\"https:\/\/fihoa.net\/\",\"logo\":{\"@type\":\"ImageObject\",\"inLanguage\":\"fr-FR\",\"@id\":\"https:\/\/fihoa.net\/#\/schema\/logo\/image\/\",\"url\":\"https:\/\/fihoa.net\/wp-content\/uploads\/2016\/04\/FIHOA-1.png\",\"contentUrl\":\"https:\/\/fihoa.net\/wp-content\/uploads\/2016\/04\/FIHOA-1.png\",\"width\":235,\"height\":75,\"caption\":\"FIHOA\"},\"image\":{\"@id\":\"https:\/\/fihoa.net\/#\/schema\/logo\/image\/\"}}]}<\/script>\n<!-- \/ Yoast SEO plugin. -->","yoast_head_json":{"title":"Accueil - FIHOA","robots":{"index":"index","follow":"follow","max-snippet":"max-snippet:-1","max-image-preview":"max-image-preview:large","max-video-preview":"max-video-preview:-1"},"canonical":"https:\/\/fihoa.net\/fr\/","og_locale":"fr_FR","og_type":"article","og_title":"Accueil - FIHOA","og_description":"[vc_row][vc_column][rev_slider_vc alias=\u00a0\u00bbhomepage\u00a0\u00bb][\/vc_column][\/vc_row][vc_row][vc_column][vc_separator color=\u00a0\u00bbcustom\u00a0\u00bb accent_color=\u00a0\u00bb#038dee\u00a0\u00bb][vc_empty_space][vc_column_text] Le FIHOA (Functional Index for Hand OsteoArthritis) ou Indice Fonctionnel de l\u2019Arthrose de la Main ou Indice de Dreiser est un indice m\u00e9thodologiquement et cliniquement valid\u00e9, mis gracieusement par les auteurs \u00e0 la disposition de la&hellip;","og_url":"https:\/\/fihoa.net\/fr\/","og_site_name":"FIHOA","article_modified_time":"2016-06-17T14:00:55+00:00","twitter_card":"summary_large_image","twitter_misc":{"Dur\u00e9e de lecture estim\u00e9e":"3 minutes"},"schema":{"@context":"https:\/\/schema.org","@graph":[{"@type":"WebPage","@id":"https:\/\/fihoa.net\/fr\/","url":"https:\/\/fihoa.net\/fr\/","name":"Accueil - FIHOA","isPartOf":{"@id":"https:\/\/fihoa.net\/#website"},"datePublished":"2016-05-10T09:30:03+00:00","dateModified":"2016-06-17T14:00:55+00:00","breadcrumb":{"@id":"https:\/\/fihoa.net\/fr\/#breadcrumb"},"inLanguage":"fr-FR","potentialAction":[{"@type":"ReadAction","target":["https:\/\/fihoa.net\/fr\/"]}]},{"@type":"BreadcrumbList","@id":"https:\/\/fihoa.net\/fr\/#breadcrumb","itemListElement":[{"@type":"ListItem","position":1,"name":"Home","item":"https:\/\/fihoa.net\/fr\/"},{"@type":"ListItem","position":2,"name":"Accueil"}]},{"@type":"WebSite","@id":"https:\/\/fihoa.net\/#website","url":"https:\/\/fihoa.net\/","name":"FIHOA","description":"","publisher":{"@id":"https:\/\/fihoa.net\/#organization"},"potentialAction":[{"@type":"SearchAction","target":{"@type":"EntryPoint","urlTemplate":"https:\/\/fihoa.net\/?s={search_term_string}"},"query-input":{"@type":"PropertyValueSpecification","valueRequired":true,"valueName":"search_term_string"}}],"inLanguage":"fr-FR"},{"@type":"Organization","@id":"https:\/\/fihoa.net\/#organization","name":"FIHOA","url":"https:\/\/fihoa.net\/","logo":{"@type":"ImageObject","inLanguage":"fr-FR","@id":"https:\/\/fihoa.net\/#\/schema\/logo\/image\/","url":"https:\/\/fihoa.net\/wp-content\/uploads\/2016\/04\/FIHOA-1.png","contentUrl":"https:\/\/fihoa.net\/wp-content\/uploads\/2016\/04\/FIHOA-1.png","width":235,"height":75,"caption":"FIHOA"},"image":{"@id":"https:\/\/fihoa.net\/#\/schema\/logo\/image\/"}}]}},"_links":{"self":[{"href":"https:\/\/fihoa.net\/fr\/wp-json\/wp\/v2\/pages\/126","targetHints":{"allow":["GET"]}}],"collection":[{"href":"https:\/\/fihoa.net\/fr\/wp-json\/wp\/v2\/pages"}],"about":[{"href":"https:\/\/fihoa.net\/fr\/wp-json\/wp\/v2\/types\/page"}],"author":[{"embeddable":true,"href":"https:\/\/fihoa.net\/fr\/wp-json\/wp\/v2\/users\/1"}],"replies":[{"embeddable":true,"href":"https:\/\/fihoa.net\/fr\/wp-json\/wp\/v2\/comments?post=126"}],"version-history":[{"count":3,"href":"https:\/\/fihoa.net\/fr\/wp-json\/wp\/v2\/pages\/126\/revisions"}],"predecessor-version":[{"id":564,"href":"https:\/\/fihoa.net\/fr\/wp-json\/wp\/v2\/pages\/126\/revisions\/564"}],"wp:attachment":[{"href":"https:\/\/fihoa.net\/fr\/wp-json\/wp\/v2\/media?parent=126"}],"curies":[{"name":"wp","href":"https:\/\/api.w.org\/{rel}","templated":true}]}}